{"id":1242,"date":"2020-06-04T17:04:51","date_gmt":"2020-06-04T17:04:51","guid":{"rendered":"https:\/\/darochawebsterlandscapes.com\/845-2\/"},"modified":"2020-10-23T22:20:03","modified_gmt":"2020-10-23T22:20:03","slug":"845-2","status":"publish","type":"page","link":"https:\/\/darochawebsterlandscapes.com\/fr\/","title":{"rendered":"Construction d&rsquo;am\u00e9nagement paysager"},"content":{"rendered":"<p>[et_pb_section fb_built=\u00a0\u00bb1&Prime; admin_label=\u00a0\u00bbHero section\u00a0\u00bb _builder_version=\u00a0\u00bb4.4.6&Prime; background_image=\u00a0\u00bbhttps:\/\/darochawebsterlandscapes.com\/wp-content\/uploads\/2020\/06\/PATHY_B-22.jpg\u00a0\u00bb custom_margin=\u00a0\u00bb|||\u00a0\u00bb custom_padding=\u00a0\u00bb0px||315px||false|false\u00a0\u00bb][et_pb_row column_structure=\u00a0\u00bb1_2,1_2&Prime; _builder_version=\u00a0\u00bb3.25&Prime; custom_margin=\u00a0\u00bb|auto||50px||\u00a0\u00bb custom_padding=\u00a0\u00bb0px|||||\u00a0\u00bb][et_pb_column type=\u00a0\u00bb1_2&Prime; _builder_version=\u00a0\u00bb3.25&Prime; custom_padding=\u00a0\u00bb1px|||\u00a0\u00bb custom_padding__hover=\u00a0\u00bb|||\u00a0\u00bb][et_pb_text _builder_version=\u00a0\u00bb4.4.6&Prime; text_font=\u00a0\u00bb||||||||\u00a0\u00bb text_text_color=\u00a0\u00bb#ffffff\u00a0\u00bb text_line_height=\u00a0\u00bb1.3em\u00a0\u00bb link_font=\u00a0\u00bb||||||||\u00a0\u00bb link_text_color=\u00a0\u00bb#ffffff\u00a0\u00bb header_font=\u00a0\u00bbPoppins|700||on|||||\u00a0\u00bb header_text_color=\u00a0\u00bb#168a53&Prime; header_font_size=\u00a0\u00bb14px\u00a0\u00bb header_2_font=\u00a0\u00bbPlayfair Display|700||on|||||\u00a0\u00bb header_2_font_size=\u00a0\u00bb40px\u00a0\u00bb header_3_font=\u00a0\u00bbLato|700|||||||\u00a0\u00bb header_3_font_size=\u00a0\u00bb23px\u00a0\u00bb header_3_line_height=\u00a0\u00bb1.5em\u00a0\u00bb background_color=\u00a0\u00bbrgba(0,0,0,0)\u00a0\u00bb use_background_color_gradient=\u00a0\u00bbon\u00a0\u00bb background_color_gradient_start=\u00a0\u00bbrgba(178,178,178,0.67)\u00a0\u00bb background_color_gradient_end=\u00a0\u00bbrgba(53,53,53,0.68)\u00a0\u00bb background_color_gradient_start_position=\u00a0\u00bb24%\u00a0\u00bb background_color_gradient_end_position=\u00a0\u00bb69%\u00a0\u00bb background_layout=\u00a0\u00bbdark\u00a0\u00bb custom_margin=\u00a0\u00bb8%||-20px|||\u00a0\u00bb custom_margin_tablet=\u00a0\u00bb40px|||\u00a0\u00bb custom_margin_phone=\u00a0\u00bb\u00a0\u00bb custom_margin_last_edited=\u00a0\u00bbon|tablet\u00a0\u00bb custom_padding=\u00a0\u00bb20px|20px|20px|20px|false|false\u00a0\u00bb custom_padding_tablet=\u00a0\u00bb\u00a0\u00bb custom_padding_phone=\u00a0\u00bb\u00a0\u00bb custom_padding_last_edited=\u00a0\u00bbon|tablet\u00a0\u00bb animation_style=\u00a0\u00bbfold\u00a0\u00bb animation_delay=\u00a0\u00bb100ms\u00a0\u00bb text_text_shadow_style=\u00a0\u00bbpreset1&Prime; text_text_shadow_blur_strength=\u00a0\u00bb0.35em\u00a0\u00bb text_text_shadow_color=\u00a0\u00bbrgba(0,0,0,0.8)\u00a0\u00bb header_text_shadow_style=\u00a0\u00bbpreset3&Prime; header_text_shadow_color=\u00a0\u00bb#ffffff\u00a0\u00bb header_2_text_shadow_style=\u00a0\u00bbpreset1&Prime; header_2_text_shadow_horizontal_length=\u00a0\u00bb0.01em\u00a0\u00bb header_2_text_shadow_vertical_length=\u00a0\u00bb0.05em\u00a0\u00bb header_2_text_shadow_color=\u00a0\u00bbrgba(0,0,0,0.57)\u00a0\u00bb border_color_all=\u00a0\u00bbrgba(0,0,0,0)\u00a0\u00bb border_width_top=\u00a0\u00bb5px\u00a0\u00bb border_color_top=\u00a0\u00bb#168a53&Prime; border_color_bottom=\u00a0\u00bbrgba(0,0,0,0)\u00a0\u00bb locked=\u00a0\u00bboff\u00a0\u00bb]<\/p>\n<h1>Construction d&rsquo;am\u00e9nagement paysager r\u00e9sidentiel<\/h1>\n<h2>Cr\u00e9ation de beaux espaces ext\u00e9rieurs<\/h2>\n<p>Notre passion est de r\u00e9aliser de beaux espaces ext\u00e9rieurs. Quelle que soit la taille du jardin, notre objectif reste le m\u00eame : construire des jardins qui non seulement compl\u00e8tent votre maison, mais qui offrent aussi de magnifiques espaces ext\u00e9rieurs o\u00f9 la famille et les amis peuvent se r\u00e9unir pour se d\u00e9tendre et s&rsquo;amuser.<\/p>\n<p>[\/et_pb_text][\/et_pb_column][et_pb_column type=\u00a0\u00bb1_2&Prime; _builder_version=\u00a0\u00bb3.25&Prime; custom_padding=\u00a0\u00bb|||\u00a0\u00bb custom_padding__hover=\u00a0\u00bb|||\u00a0\u00bb][\/et_pb_column][\/et_pb_row][\/et_pb_section][et_pb_section fb_built=\u00a0\u00bb1&Prime; admin_label=\u00a0\u00bbAbout text\u00a0\u00bb _builder_version=\u00a0\u00bb4.4.6&Prime; custom_margin=\u00a0\u00bb|||\u00a0\u00bb custom_padding=\u00a0\u00bb0px|0px|2px|0px||\u00a0\u00bb][et_pb_row _builder_version=\u00a0\u00bb4.4.3&Prime; module_alignment=\u00a0\u00bbcenter\u00a0\u00bb custom_padding=\u00a0\u00bb34px||47px|||\u00a0\u00bb animation_style=\u00a0\u00bbfade\u00a0\u00bb][et_pb_column type=\u00a0\u00bb4_4&Prime; _builder_version=\u00a0\u00bb3.25&Prime; custom_padding=\u00a0\u00bb|||\u00a0\u00bb custom_padding__hover=\u00a0\u00bb|||\u00a0\u00bb][et_pb_text _builder_version=\u00a0\u00bb4.4.3&Prime; text_font=\u00a0\u00bb||||||||\u00a0\u00bb header_font=\u00a0\u00bb||||||||\u00a0\u00bb header_text_align=\u00a0\u00bbleft\u00a0\u00bb header_font_size=\u00a0\u00bb19px\u00a0\u00bb header_2_font=\u00a0\u00bbPlayfair Display|700|||||||\u00a0\u00bb header_2_letter_spacing=\u00a0\u00bb1px\u00a0\u00bb header_3_font=\u00a0\u00bbPoppins|700||on|||||\u00a0\u00bb header_3_text_color=\u00a0\u00bb#1ba64d\u00a0\u00bb header_3_font_size=\u00a0\u00bb14px\u00a0\u00bb header_3_letter_spacing=\u00a0\u00bb1px\u00a0\u00bb header_3_line_height=\u00a0\u00bb2em\u00a0\u00bb max_width=\u00a0\u00bb700px\u00a0\u00bb module_alignment=\u00a0\u00bbleft\u00a0\u00bb min_height=\u00a0\u00bb40px\u00a0\u00bb custom_margin=\u00a0\u00bb||1px||false|false\u00a0\u00bb]<\/p>\n<h2 style=\"text-align: left;\">\u00c0 propos de nous<\/h2>\n<p>[\/et_pb_text][et_pb_divider divider_weight=\u00a0\u00bb2px\u00a0\u00bb _builder_version=\u00a0\u00bb4.4.3&Prime; max_width=\u00a0\u00bb60px\u00a0\u00bb module_alignment=\u00a0\u00bbleft\u00a0\u00bb height=\u00a0\u00bb2px\u00a0\u00bb][\/et_pb_divider][et_pb_text _builder_version=\u00a0\u00bb4.4.6&Prime; text_font=\u00a0\u00bbPoppins||||||||\u00a0\u00bb text_font_size=\u00a0\u00bb12px\u00a0\u00bb text_letter_spacing=\u00a0\u00bb1px\u00a0\u00bb text_line_height=\u00a0\u00bb1.8em\u00a0\u00bb max_width=\u00a0\u00bb1000px\u00a0\u00bb module_alignment=\u00a0\u00bbleft\u00a0\u00bb custom_margin=\u00a0\u00bb-13px||||false|false\u00a0\u00bb]<\/p>\n<p style=\"text-align: left;\"><span><strong><span style=\"color: #339966;\">DaRochaWebsterPaysages<\/span><\/strong> se sp\u00e9cialise dans la construction et la gestion de projets d&rsquo;am\u00e9nagement paysager r\u00e9sidentiel haut de gamme. Depuis plus de 25 ans, nous sommes fiers d&rsquo;avoir \u00e9tabli une r\u00e9putation de leader dans notre industrie. Nous collaborons avec plusieurs des meilleurs architectes paysagistes, ainsi qu&rsquo;avec des sous-traitants, fournisseurs et artisans chevronn\u00e9s avec lesquels nous avons d\u00e9velopp\u00e9 des rapports de confiance de longue dur\u00e9e.<\/span><\/p>\n<p>[\/et_pb_text][\/et_pb_column][\/et_pb_row][\/et_pb_section]<\/p>\n","protected":false},"excerpt":{"rendered":"<p>Construction d&rsquo;am\u00e9nagement paysager r\u00e9sidentiel Cr\u00e9ation de beaux espaces ext\u00e9rieurs Notre passion est de r\u00e9aliser de beaux espaces ext\u00e9rieurs. Quelle que soit la taille du jardin, notre objectif reste le m\u00eame : construire des jardins qui non seulement compl\u00e8tent votre maison, mais qui offrent aussi de magnifiques espaces ext\u00e9rieurs o\u00f9 la famille et les amis peuvent [&hellip;]<\/p>\n","protected":false},"author":1,"featured_media":0,"parent":0,"menu_order":0,"comment_status":"closed","ping_status":"closed","template":"","meta":{"_et_pb_use_builder":"on","_et_pb_old_content":"","_et_gb_content_width":"","footnotes":""},"class_list":["post-1242","page","type-page","status-publish","hentry"],"_links":{"self":[{"href":"https:\/\/darochawebsterlandscapes.com\/fr\/wp-json\/wp\/v2\/pages\/1242","targetHints":{"allow":["GET"]}}],"collection":[{"href":"https:\/\/darochawebsterlandscapes.com\/fr\/wp-json\/wp\/v2\/pages"}],"about":[{"href":"https:\/\/darochawebsterlandscapes.com\/fr\/wp-json\/wp\/v2\/types\/page"}],"author":[{"embeddable":true,"href":"https:\/\/darochawebsterlandscapes.com\/fr\/wp-json\/wp\/v2\/users\/1"}],"replies":[{"embeddable":true,"href":"https:\/\/darochawebsterlandscapes.com\/fr\/wp-json\/wp\/v2\/comments?post=1242"}],"version-history":[{"count":7,"href":"https:\/\/darochawebsterlandscapes.com\/fr\/wp-json\/wp\/v2\/pages\/1242\/revisions"}],"predecessor-version":[{"id":1256,"href":"https:\/\/darochawebsterlandscapes.com\/fr\/wp-json\/wp\/v2\/pages\/1242\/revisions\/1256"}],"wp:attachment":[{"href":"https:\/\/darochawebsterlandscapes.com\/fr\/wp-json\/wp\/v2\/media?parent=1242"}],"curies":[{"name":"wp","href":"https:\/\/api.w.org\/{rel}","templated":true}]}}